{"id":136,"date":"2025-03-01T21:08:01","date_gmt":"2025-03-01T20:08:01","guid":{"rendered":"https:\/\/vai.laffitte.net\/contact\/"},"modified":"2025-05-30T17:48:37","modified_gmt":"2025-05-30T15:48:37","slug":"contact","status":"publish","type":"page","link":"https:\/\/verriere-aux-idees.net\/en\/contact\/","title":{"rendered":"Contact"},"content":{"rendered":"<style id=\"wpforms-css-vars-124\">\n\t\t\t\t#wpforms-124 {\n\t\t\t\t\n\t\t\t}\n\t\t\t<\/style><div class=\"wpforms-container wpforms-container-full wpforms-render-modern\" id=\"wpforms-124\"><form id=\"wpforms-form-124\" class=\"wpforms-validate wpforms-form wpforms-ajax-form\" data-formid=\"124\" method=\"post\" enctype=\"multipart\/form-data\" action=\"\/en\/wp-json\/wp\/v2\/pages\/136\" data-token=\"32d73a8e61efb603c6dc7a8005079cf9\" data-token-time=\"1777559530\"><div class=\"wpforms-head-container\"><div class=\"wpforms-title\">Votre avis m&#039;int\u00e9resse<\/div><\/div><noscript class=\"wpforms-error-noscript\">Please enable JavaScript in your browser to complete this form.<\/noscript><div id=\"wpforms-error-noscript\" style=\"display: none;\">Please enable JavaScript in your browser to complete this form.<\/div><div class=\"wpforms-field-container\"><div id=\"wpforms-124-field_1-container\" class=\"wpforms-field wpforms-field-name\" data-field-id=\"1\"><fieldset><legend class=\"wpforms-field-label\">Nom<\/legend><div class=\"wpforms-field-row wpforms-field-medium\"><div class=\"wpforms-field-row-block wpforms-first wpforms-one-half\"><input type=\"text\" id=\"wpforms-124-field_1\" class=\"wpforms-field-name-first\" name=\"wpforms[fields][1][first]\" aria-errormessage=\"wpforms-124-field_1-error\" ><label for=\"wpforms-124-field_1\" class=\"wpforms-field-sublabel after\">First<\/label><\/div><div class=\"wpforms-field-row-block wpforms-one-half\"><input type=\"text\" id=\"wpforms-124-field_1-last\" class=\"wpforms-field-name-last\" name=\"wpforms[fields][1][last]\" aria-errormessage=\"wpforms-124-field_1-last-error\" ><label for=\"wpforms-124-field_1-last\" class=\"wpforms-field-sublabel after\">Last<\/label><\/div><\/div><\/fieldset><\/div><div id=\"wpforms-124-field_2-container\" class=\"wpforms-field wpforms-field-email\" data-field-id=\"2\"><label class=\"wpforms-field-label\" for=\"wpforms-124-field_2\">E-mail <span class=\"wpforms-required-label\" aria-hidden=\"true\">*<\/span><\/label><input type=\"email\" id=\"wpforms-124-field_2\" class=\"wpforms-field-medium wpforms-field-required\" name=\"wpforms[fields][2]\" spellcheck=\"false\" aria-errormessage=\"wpforms-124-field_2-error\" required><\/div><div id=\"wpforms-124-field_3-container\" class=\"wpforms-field wpforms-field-textarea\" data-field-id=\"3\"><label class=\"wpforms-field-label\" for=\"wpforms-124-field_3\">Commentaire ou message <span class=\"wpforms-required-label\" aria-hidden=\"true\">*<\/span><\/label><textarea id=\"wpforms-124-field_3\" class=\"wpforms-field-medium wpforms-field-required\" name=\"wpforms[fields][3]\" aria-errormessage=\"wpforms-124-field_3-error\" required><\/textarea><\/div>\t\t<div id=\"wpforms-124-field_5-container\"\n\t\t\tclass=\"wpforms-field wpforms-field-text\"\n\t\t\tdata-field-type=\"text\"\n\t\t\tdata-field-id=\"5\"\n\t\t\t>\n\t\t\t<label class=\"wpforms-field-label\" for=\"wpforms-124-field_5\" >Commentaire message Nom<\/label>\n\t\t\t<input type=\"text\" id=\"wpforms-124-field_5\" class=\"wpforms-field-medium\" name=\"wpforms[fields][5]\" >\n\t\t<\/div>\n\t\t<div id=\"wpforms-124-field_4-container\" class=\"wpforms-field wpforms-field-gdpr-checkbox\" data-field-id=\"4\"><label class=\"wpforms-field-label\">Accord RGPD <span class=\"wpforms-required-label\" aria-hidden=\"true\">*<\/span><\/label><ul id=\"wpforms-124-field_4\" class=\"wpforms-field-required\"><li class=\"choice-1\"><input type=\"checkbox\" id=\"wpforms-124-field_4_1\" name=\"wpforms[fields][4][]\" value=\"En soumettant ce formulaire, j&#039;accepte que mes informations soient utilis\u00e9es exclusivement dans le cadre de la r\u00e9ponse \u00e0 ma requ\u00eate.\" aria-errormessage=\"wpforms-124-field_4_1-error\" required ><label class=\"wpforms-field-label-inline\" for=\"wpforms-124-field_4_1\">En soumettant ce formulaire, j'accepte que mes informations soient utilis\u00e9es exclusivement dans le cadre de la r\u00e9ponse \u00e0 ma requ\u00eate.<\/label><\/li><\/ul><\/div><script>\n\t\t\t\t( function() {\n\t\t\t\t\tconst style = document.createElement( 'style' );\n\t\t\t\t\tstyle.appendChild( document.createTextNode( '#wpforms-124-field_5-container { position: absolute !important; overflow: hidden !important; display: inline !important; height: 1px !important; width: 1px !important; z-index: -1000 !important; padding: 0 !important; } #wpforms-124-field_5-container input { visibility: hidden; } #wpforms-conversational-form-page #wpforms-124-field_5-container label { counter-increment: none; }' ) );\n\t\t\t\t\tdocument.head.appendChild( style );\n\t\t\t\t\tdocument.currentScript?.remove();\n\t\t\t\t} )();\n\t\t\t<\/script><\/div><!-- .wpforms-field-container --><div class=\"wpforms-recaptcha-container wpforms-is-recaptcha wpforms-is-recaptcha-type-v3\" ><input type=\"hidden\" name=\"wpforms[recaptcha]\" value=\"\"><\/div><div class=\"wpforms-submit-container\" ><input type=\"hidden\" name=\"wpforms[id]\" value=\"124\"><input type=\"hidden\" name=\"page_title\" value=\"\"><input type=\"hidden\" name=\"page_url\" value=\"https:\/\/verriere-aux-idees.net\/en\/wp-json\/wp\/v2\/pages\/136\"><input type=\"hidden\" name=\"url_referer\" value=\"\"><button type=\"submit\" name=\"wpforms[submit]\" id=\"wpforms-submit-124\" class=\"wpforms-submit\" data-alt-text=\"Envoi...\" data-submit-text=\"Envoyer\" aria-live=\"assertive\" value=\"wpforms-submit\">Envoyer<\/button><img loading=\"lazy\" decoding=\"async\" src=\"https:\/\/verriere-aux-idees.net\/wp-content\/plugins\/wpforms-lite\/assets\/images\/submit-spin.svg\" class=\"wpforms-submit-spinner\" style=\"display: none;\" width=\"26\" height=\"26\" alt=\"Loading\"><\/div><\/form><\/div>  <!-- .wpforms-container -->\n","protected":false},"excerpt":{"rendered":"","protected":false},"author":1,"featured_media":0,"parent":0,"menu_order":0,"comment_status":"closed","ping_status":"closed","template":"1col-template.php","meta":{"_acf_changed":false,"footnotes":""},"class_list":["post-136","page","type-page","status-publish","hentry"],"acf":[],"yoast_head":"<!-- This site is optimized with the Yoast SEO plugin v27.4 - https:\/\/yoast.com\/product\/yoast-seo-wordpress\/ -->\n<title>Contact - La verri\u00e8re aux id\u00e9es<\/title>\n<meta name=\"robots\" content=\"index, follow, max-snippet:-1, max-image-preview:large, max-video-preview:-1\" \/>\n<link rel=\"canonical\" href=\"https:\/\/verriere-aux-idees.net\/en\/contact\/\" \/>\n<meta property=\"og:locale\" content=\"en_US\" \/>\n<meta property=\"og:type\" content=\"article\" \/>\n<meta property=\"og:title\" content=\"Contact - La verri\u00e8re aux id\u00e9es\" \/>\n<meta property=\"og:url\" content=\"https:\/\/verriere-aux-idees.net\/en\/contact\/\" \/>\n<meta property=\"og:site_name\" content=\"La verri\u00e8re aux id\u00e9es\" \/>\n<meta property=\"article:modified_time\" content=\"2025-05-30T15:48:37+00:00\" \/>\n<meta name=\"twitter:card\" content=\"summary_large_image\" \/>\n<script type=\"application\/ld+json\" class=\"yoast-schema-graph\">{\"@context\":\"https:\\\/\\\/schema.org\",\"@graph\":[{\"@type\":\"WebPage\",\"@id\":\"https:\\\/\\\/verriere-aux-idees.net\\\/en\\\/contact\\\/\",\"url\":\"https:\\\/\\\/verriere-aux-idees.net\\\/en\\\/contact\\\/\",\"name\":\"Contact - La verri\u00e8re aux id\u00e9es\",\"isPartOf\":{\"@id\":\"https:\\\/\\\/verriere-aux-idees.net\\\/en\\\/#website\"},\"datePublished\":\"2025-03-01T20:08:01+00:00\",\"dateModified\":\"2025-05-30T15:48:37+00:00\",\"breadcrumb\":{\"@id\":\"https:\\\/\\\/verriere-aux-idees.net\\\/en\\\/contact\\\/#breadcrumb\"},\"inLanguage\":\"en-US\",\"potentialAction\":[{\"@type\":\"ReadAction\",\"target\":[\"https:\\\/\\\/verriere-aux-idees.net\\\/en\\\/contact\\\/\"]}]},{\"@type\":\"BreadcrumbList\",\"@id\":\"https:\\\/\\\/verriere-aux-idees.net\\\/en\\\/contact\\\/#breadcrumb\",\"itemListElement\":[{\"@type\":\"ListItem\",\"position\":1,\"name\":\"Accueil\",\"item\":\"https:\\\/\\\/verriere-aux-idees.net\\\/en\\\/\"},{\"@type\":\"ListItem\",\"position\":2,\"name\":\"Contact\"}]},{\"@type\":\"WebSite\",\"@id\":\"https:\\\/\\\/verriere-aux-idees.net\\\/en\\\/#website\",\"url\":\"https:\\\/\\\/verriere-aux-idees.net\\\/en\\\/\",\"name\":\"La verri\u00e8re aux id\u00e9es\",\"description\":\"\",\"potentialAction\":[{\"@type\":\"SearchAction\",\"target\":{\"@type\":\"EntryPoint\",\"urlTemplate\":\"https:\\\/\\\/verriere-aux-idees.net\\\/en\\\/?s={search_term_string}\"},\"query-input\":{\"@type\":\"PropertyValueSpecification\",\"valueRequired\":true,\"valueName\":\"search_term_string\"}}],\"inLanguage\":\"en-US\"}]}<\/script>\n<!-- \/ Yoast SEO plugin. -->","yoast_head_json":{"title":"Contact - La verri\u00e8re aux id\u00e9es","robots":{"index":"index","follow":"follow","max-snippet":"max-snippet:-1","max-image-preview":"max-image-preview:large","max-video-preview":"max-video-preview:-1"},"canonical":"https:\/\/verriere-aux-idees.net\/en\/contact\/","og_locale":"en_US","og_type":"article","og_title":"Contact - La verri\u00e8re aux id\u00e9es","og_url":"https:\/\/verriere-aux-idees.net\/en\/contact\/","og_site_name":"La verri\u00e8re aux id\u00e9es","article_modified_time":"2025-05-30T15:48:37+00:00","twitter_card":"summary_large_image","schema":{"@context":"https:\/\/schema.org","@graph":[{"@type":"WebPage","@id":"https:\/\/verriere-aux-idees.net\/en\/contact\/","url":"https:\/\/verriere-aux-idees.net\/en\/contact\/","name":"Contact - La verri\u00e8re aux id\u00e9es","isPartOf":{"@id":"https:\/\/verriere-aux-idees.net\/en\/#website"},"datePublished":"2025-03-01T20:08:01+00:00","dateModified":"2025-05-30T15:48:37+00:00","breadcrumb":{"@id":"https:\/\/verriere-aux-idees.net\/en\/contact\/#breadcrumb"},"inLanguage":"en-US","potentialAction":[{"@type":"ReadAction","target":["https:\/\/verriere-aux-idees.net\/en\/contact\/"]}]},{"@type":"BreadcrumbList","@id":"https:\/\/verriere-aux-idees.net\/en\/contact\/#breadcrumb","itemListElement":[{"@type":"ListItem","position":1,"name":"Accueil","item":"https:\/\/verriere-aux-idees.net\/en\/"},{"@type":"ListItem","position":2,"name":"Contact"}]},{"@type":"WebSite","@id":"https:\/\/verriere-aux-idees.net\/en\/#website","url":"https:\/\/verriere-aux-idees.net\/en\/","name":"La verri\u00e8re aux id\u00e9es","description":"","potentialAction":[{"@type":"SearchAction","target":{"@type":"EntryPoint","urlTemplate":"https:\/\/verriere-aux-idees.net\/en\/?s={search_term_string}"},"query-input":{"@type":"PropertyValueSpecification","valueRequired":true,"valueName":"search_term_string"}}],"inLanguage":"en-US"}]}},"_links":{"self":[{"href":"https:\/\/verriere-aux-idees.net\/en\/wp-json\/wp\/v2\/pages\/136","targetHints":{"allow":["GET"]}}],"collection":[{"href":"https:\/\/verriere-aux-idees.net\/en\/wp-json\/wp\/v2\/pages"}],"about":[{"href":"https:\/\/verriere-aux-idees.net\/en\/wp-json\/wp\/v2\/types\/page"}],"author":[{"embeddable":true,"href":"https:\/\/verriere-aux-idees.net\/en\/wp-json\/wp\/v2\/users\/1"}],"replies":[{"embeddable":true,"href":"https:\/\/verriere-aux-idees.net\/en\/wp-json\/wp\/v2\/comments?post=136"}],"version-history":[{"count":1,"href":"https:\/\/verriere-aux-idees.net\/en\/wp-json\/wp\/v2\/pages\/136\/revisions"}],"predecessor-version":[{"id":317,"href":"https:\/\/verriere-aux-idees.net\/en\/wp-json\/wp\/v2\/pages\/136\/revisions\/317"}],"wp:attachment":[{"href":"https:\/\/verriere-aux-idees.net\/en\/wp-json\/wp\/v2\/media?parent=136"}],"curies":[{"name":"wp","href":"https:\/\/api.w.org\/{rel}","templated":true}]}}