{"id":257,"date":"2025-02-25T17:41:08","date_gmt":"2025-02-25T16:41:08","guid":{"rendered":"https:\/\/verriere-aux-idees.net\/accueil\/"},"modified":"2025-05-01T20:07:20","modified_gmt":"2025-05-01T18:07:20","slug":"accueil","status":"publish","type":"page","link":"https:\/\/verriere-aux-idees.net\/eo\/","title":{"rendered":"Acu\u00e8lh"},"content":{"rendered":"<ol>\n<li>\n<\/li>\n<\/ol>\n","protected":false},"excerpt":{"rendered":"","protected":false},"author":1,"featured_media":0,"parent":0,"menu_order":0,"comment_status":"closed","ping_status":"closed","template":"homepage.php","meta":{"_acf_changed":false,"footnotes":""},"class_list":["post-257","page","type-page","status-publish","hentry"],"acf":[],"yoast_head":"<!-- This site is optimized with the Yoast SEO plugin v27.4 - https:\/\/yoast.com\/product\/yoast-seo-wordpress\/ -->\n<title>Acu\u00e8lh - La verri\u00e8re aux id\u00e9es<\/title>\n<meta name=\"robots\" content=\"index, follow, max-snippet:-1, max-image-preview:large, max-video-preview:-1\" \/>\n<link rel=\"canonical\" href=\"https:\/\/verriere-aux-idees.net\/eo\/\" \/>\n<meta property=\"og:locale\" content=\"eo_EO\" \/>\n<meta property=\"og:type\" content=\"article\" \/>\n<meta property=\"og:title\" content=\"Acu\u00e8lh - La verri\u00e8re aux id\u00e9es\" \/>\n<meta property=\"og:url\" content=\"https:\/\/verriere-aux-idees.net\/eo\/\" \/>\n<meta property=\"og:site_name\" content=\"La verri\u00e8re aux id\u00e9es\" \/>\n<meta property=\"article:modified_time\" content=\"2025-05-01T18:07:20+00:00\" \/>\n<meta name=\"twitter:card\" content=\"summary_large_image\" \/>\n<script type=\"application\/ld+json\" class=\"yoast-schema-graph\">{\"@context\":\"https:\\\/\\\/schema.org\",\"@graph\":[{\"@type\":\"WebPage\",\"@id\":\"https:\\\/\\\/verriere-aux-idees.net\\\/eo\\\/\",\"url\":\"https:\\\/\\\/verriere-aux-idees.net\\\/eo\\\/\",\"name\":\"Acu\u00e8lh - La verri\u00e8re aux id\u00e9es\",\"isPartOf\":{\"@id\":\"https:\\\/\\\/verriere-aux-idees.net\\\/eo\\\/#website\"},\"datePublished\":\"2025-02-25T16:41:08+00:00\",\"dateModified\":\"2025-05-01T18:07:20+00:00\",\"breadcrumb\":{\"@id\":\"https:\\\/\\\/verriere-aux-idees.net\\\/eo\\\/#breadcrumb\"},\"inLanguage\":\"eo-UY\",\"potentialAction\":[{\"@type\":\"ReadAction\",\"target\":[\"https:\\\/\\\/verriere-aux-idees.net\\\/eo\\\/\"]}]},{\"@type\":\"BreadcrumbList\",\"@id\":\"https:\\\/\\\/verriere-aux-idees.net\\\/eo\\\/#breadcrumb\",\"itemListElement\":[{\"@type\":\"ListItem\",\"position\":1,\"name\":\"Accueil\",\"item\":\"https:\\\/\\\/verriere-aux-idees.net\\\/eo\\\/\"},{\"@type\":\"ListItem\",\"position\":2,\"name\":\"Acu\u00e8lh\"}]},{\"@type\":\"WebSite\",\"@id\":\"https:\\\/\\\/verriere-aux-idees.net\\\/eo\\\/#website\",\"url\":\"https:\\\/\\\/verriere-aux-idees.net\\\/eo\\\/\",\"name\":\"La verri\u00e8re aux id\u00e9es\",\"description\":\"\",\"potentialAction\":[{\"@type\":\"SearchAction\",\"target\":{\"@type\":\"EntryPoint\",\"urlTemplate\":\"https:\\\/\\\/verriere-aux-idees.net\\\/eo\\\/?s={search_term_string}\"},\"query-input\":{\"@type\":\"PropertyValueSpecification\",\"valueRequired\":true,\"valueName\":\"search_term_string\"}}],\"inLanguage\":\"eo-UY\"}]}<\/script>\n<!-- \/ Yoast SEO plugin. -->","yoast_head_json":{"title":"Acu\u00e8lh - La verri\u00e8re aux id\u00e9es","robots":{"index":"index","follow":"follow","max-snippet":"max-snippet:-1","max-image-preview":"max-image-preview:large","max-video-preview":"max-video-preview:-1"},"canonical":"https:\/\/verriere-aux-idees.net\/eo\/","og_locale":"eo_EO","og_type":"article","og_title":"Acu\u00e8lh - La verri\u00e8re aux id\u00e9es","og_url":"https:\/\/verriere-aux-idees.net\/eo\/","og_site_name":"La verri\u00e8re aux id\u00e9es","article_modified_time":"2025-05-01T18:07:20+00:00","twitter_card":"summary_large_image","schema":{"@context":"https:\/\/schema.org","@graph":[{"@type":"WebPage","@id":"https:\/\/verriere-aux-idees.net\/eo\/","url":"https:\/\/verriere-aux-idees.net\/eo\/","name":"Acu\u00e8lh - La verri\u00e8re aux id\u00e9es","isPartOf":{"@id":"https:\/\/verriere-aux-idees.net\/eo\/#website"},"datePublished":"2025-02-25T16:41:08+00:00","dateModified":"2025-05-01T18:07:20+00:00","breadcrumb":{"@id":"https:\/\/verriere-aux-idees.net\/eo\/#breadcrumb"},"inLanguage":"eo-UY","potentialAction":[{"@type":"ReadAction","target":["https:\/\/verriere-aux-idees.net\/eo\/"]}]},{"@type":"BreadcrumbList","@id":"https:\/\/verriere-aux-idees.net\/eo\/#breadcrumb","itemListElement":[{"@type":"ListItem","position":1,"name":"Accueil","item":"https:\/\/verriere-aux-idees.net\/eo\/"},{"@type":"ListItem","position":2,"name":"Acu\u00e8lh"}]},{"@type":"WebSite","@id":"https:\/\/verriere-aux-idees.net\/eo\/#website","url":"https:\/\/verriere-aux-idees.net\/eo\/","name":"La verri\u00e8re aux id\u00e9es","description":"","potentialAction":[{"@type":"SearchAction","target":{"@type":"EntryPoint","urlTemplate":"https:\/\/verriere-aux-idees.net\/eo\/?s={search_term_string}"},"query-input":{"@type":"PropertyValueSpecification","valueRequired":true,"valueName":"search_term_string"}}],"inLanguage":"eo-UY"}]}},"_links":{"self":[{"href":"https:\/\/verriere-aux-idees.net\/eo\/wp-json\/wp\/v2\/pages\/257","targetHints":{"allow":["GET"]}}],"collection":[{"href":"https:\/\/verriere-aux-idees.net\/eo\/wp-json\/wp\/v2\/pages"}],"about":[{"href":"https:\/\/verriere-aux-idees.net\/eo\/wp-json\/wp\/v2\/types\/page"}],"author":[{"embeddable":true,"href":"https:\/\/verriere-aux-idees.net\/eo\/wp-json\/wp\/v2\/users\/1"}],"replies":[{"embeddable":true,"href":"https:\/\/verriere-aux-idees.net\/eo\/wp-json\/wp\/v2\/comments?post=257"}],"version-history":[{"count":2,"href":"https:\/\/verriere-aux-idees.net\/eo\/wp-json\/wp\/v2\/pages\/257\/revisions"}],"predecessor-version":[{"id":273,"href":"https:\/\/verriere-aux-idees.net\/eo\/wp-json\/wp\/v2\/pages\/257\/revisions\/273"}],"wp:attachment":[{"href":"https:\/\/verriere-aux-idees.net\/eo\/wp-json\/wp\/v2\/media?parent=257"}],"curies":[{"name":"wp","href":"https:\/\/api.w.org\/{rel}","templated":true}]}}